{"id":4179,"date":"2020-05-26T21:40:08","date_gmt":"2020-05-27T00:40:08","guid":{"rendered":"https:\/\/horusinfo.com.br\/depoimentos\/"},"modified":"2020-05-28T16:35:45","modified_gmt":"2020-05-28T19:35:45","slug":"testimonios","status":"publish","type":"page","link":"https:\/\/horusinfo.com.br\/es\/testimonios\/","title":{"rendered":"Testimonios"},"content":{"rendered":"<p>[vc_row][vc_column][vc_row_inner][vc_column_inner width=\u00bb1\/4&#8243;][vc_column_text]<a href=\"https:\/\/www.betha.com.br\/\" target=\"_blank\" rel=\"noopener noreferrer\"><img loading=\"lazy\" decoding=\"async\" class=\"size-full wp-image-300 alignright\" src=\"https:\/\/horusinfo.com.br\/wp-content\/uploads\/2020\/04\/Betha.png\" alt=\"\" width=\"300\" height=\"187\" srcset=\"https:\/\/horusinfo.com.br\/wp-content\/uploads\/2020\/04\/Betha.png 300w, https:\/\/horusinfo.com.br\/wp-content\/uploads\/2020\/04\/Betha-234x146.png 234w, https:\/\/horusinfo.com.br\/wp-content\/uploads\/2020\/04\/Betha-50x31.png 50w, https:\/\/horusinfo.com.br\/wp-content\/uploads\/2020\/04\/Betha-120x75.png 120w\" sizes=\"auto, (max-width:767px) 300px, 300px\" \/><\/a>[\/vc_column_text][\/vc_column_inner][vc_column_inner width=\u00bb3\/4&#8243;][vc_column_text]<\/p>\n<p style=\"text-align: justify;\">\u201cBetha Sistemas decidi\u00f3 contratar a Horus debido a una necesidad urgente, hasta entonces de manera temporal. Sin embargo, a pesar de que todav\u00eda estamos en el primer a\u00f1o, podemos hablar con suficiente propiedad como para que hoy nuestra intenci\u00f3n sea completamente diferente. Tenemos un entorno de misi\u00f3n cr\u00edtica, y como hemos tenido experiencias previas con otras compa\u00f1\u00edas, que desafortunadamente no fueron buenas, fuimos un poco resistentes. Pero con Horus el trabajo ha sido completamente diferente y estamos muy contentos con todo el apoyo recibido. Adem\u00e1s del servicio r\u00e1pido, tenemos mucha seguridad y confianza en lo que se refiere al servicio \u00abDBA como servicio\u00bb, donde todas las necesidades se han resuelto t\u00e9cnicamente y se han satisfecho con suficientes detalles para sentirse seguros. Adem\u00e1s, gestionamos lo que contratamos, a trav\u00e9s del Portal Horus, y tambi\u00e9n confiamos en Falcon para controlar nuestros servicios. Betha Sistemas, sin duda, indica el servicio de Horus \u00ab.<\/p>\n<p><strong>Ezequiel Garc\u00eda, Gerente de Investigaci\u00f3n y Desarrollo, Betha<\/strong>[\/vc_column_text][\/vc_column_inner][\/vc_row_inner][\/vc_column][\/vc_row][vc_row][vc_column][vc_row_inner][vc_column_inner width=\u00bb1\/4&#8243;][vc_column_text]<a href=\"https:\/\/www.uepg.br\/\" target=\"_blank\" rel=\"noopener noreferrer\"><img loading=\"lazy\" decoding=\"async\" class=\"size-full wp-image-309 alignnone\" src=\"https:\/\/horusinfo.com.br\/wp-content\/uploads\/2020\/04\/UEPG.png\" alt=\"\" width=\"300\" height=\"187\" srcset=\"https:\/\/horusinfo.com.br\/wp-content\/uploads\/2020\/04\/UEPG.png 300w, https:\/\/horusinfo.com.br\/wp-content\/uploads\/2020\/04\/UEPG-234x146.png 234w, https:\/\/horusinfo.com.br\/wp-content\/uploads\/2020\/04\/UEPG-50x31.png 50w, https:\/\/horusinfo.com.br\/wp-content\/uploads\/2020\/04\/UEPG-120x75.png 120w\" sizes=\"auto, (max-width:767px) 300px, 300px\" \/><\/a>[\/vc_column_text][\/vc_column_inner][vc_column_inner width=\u00bb3\/4&#8243;][vc_column_text]<\/p>\n<p style=\"text-align: justify;\">\u201cHorus ha estado apoyando a nuestra instituci\u00f3n durante m\u00e1s de 12 a\u00f1os, proporcionando servicios y asesoramiento t\u00e9cnico, m\u00e1s espec\u00edficamente en relaci\u00f3n con los problemas de uso, configuraci\u00f3n, instalaci\u00f3n y rendimiento de nuestro Sistema de gesti\u00f3n de bases de datos. Nos sentimos seguros con el servicio r\u00e1pido de su equipo t\u00e9cnico capacitado que satisface nuestras necesidades \u00ab.<\/p>\n<p><strong>Sandro Teixeira, Gerente de Desarrollo, UEPG<\/strong>[\/vc_column_text][\/vc_column_inner][\/vc_row_inner][\/vc_column][\/vc_row][vc_row][vc_column][vc_row_inner][vc_column_inner width=\u00bb1\/4&#8243;][vc_column_text]<img loading=\"lazy\" decoding=\"async\" class=\"size-full wp-image-308 alignnone\" src=\"https:\/\/horusinfo.com.br\/wp-content\/uploads\/2020\/04\/Triade.png\" alt=\"\" width=\"300\" height=\"187\" srcset=\"https:\/\/horusinfo.com.br\/wp-content\/uploads\/2020\/04\/Triade.png 300w, https:\/\/horusinfo.com.br\/wp-content\/uploads\/2020\/04\/Triade-234x146.png 234w, https:\/\/horusinfo.com.br\/wp-content\/uploads\/2020\/04\/Triade-50x31.png 50w, https:\/\/horusinfo.com.br\/wp-content\/uploads\/2020\/04\/Triade-120x75.png 120w\" sizes=\"auto, (max-width:767px) 300px, 300px\" \/>[\/vc_column_text][\/vc_column_inner][vc_column_inner width=\u00bb3\/4&#8243;][vc_column_text]<\/p>\n<p style=\"text-align: justify;\">\u201cTR\u00cdADE PROJETOS E CONSULTORIA considera como un diferencial en su desempe\u00f1o, que adem\u00e1s de ser un proveedor, tambi\u00e9n debe buscar ser un socio de sus clientes. Y para garantizar este objetivo, aplica este criterio en la elecci\u00f3n de todos sus proveedores, y HORUS SOLUTIONS desde el comienzo de sus servicios con TR\u00cdADE ha demostrado su experiencia, compromiso y flexibilidad, y a trav\u00e9s de esta s\u00f3lida asociaci\u00f3n, nos hace seguros mantener nuestro negocios y asumir nuevos desaf\u00edos \u00ab.<\/p>\n<p><strong>Gustavo Machado Vieira, Director de Gesti\u00f3n, Tecnolog\u00eda e Innovaci\u00f3n, TR\u00cdADE PROJETOS E CONSULTORIA<\/strong>[\/vc_column_text][\/vc_column_inner][\/vc_row_inner][\/vc_column][\/vc_row][vc_row][vc_column][vc_row_inner][vc_column_inner width=\u00bb1\/4&#8243;][vc_column_text]<a href=\"https:\/\/www.tjpr.jus.br\/\" target=\"_blank\" rel=\"noopener noreferrer\"><img loading=\"lazy\" decoding=\"async\" class=\"size-full wp-image-307 alignnone\" src=\"https:\/\/horusinfo.com.br\/wp-content\/uploads\/2020\/04\/TJPR.png\" alt=\"\" width=\"300\" height=\"187\" srcset=\"https:\/\/horusinfo.com.br\/wp-content\/uploads\/2020\/04\/TJPR.png 300w, https:\/\/horusinfo.com.br\/wp-content\/uploads\/2020\/04\/TJPR-234x146.png 234w, https:\/\/horusinfo.com.br\/wp-content\/uploads\/2020\/04\/TJPR-50x31.png 50w, https:\/\/horusinfo.com.br\/wp-content\/uploads\/2020\/04\/TJPR-120x75.png 120w\" sizes=\"auto, (max-width:767px) 300px, 300px\" \/><\/a>[\/vc_column_text][\/vc_column_inner][vc_column_inner width=\u00bb3\/4&#8243;][vc_column_text]<\/p>\n<p style=\"text-align: justify;\">\u201cHemos sido clientes de Horus desde 2014. La compa\u00f1\u00eda cuenta con un equipo altamente calificado que ha atendido plenamente las demandas de diversos niveles de complejidad y criticidad; Trabajan con seriedad, responsabilidad y mucho conocimiento t\u00e9cnico. La cordialidad, puntualidad y compa\u00f1\u00eda tambi\u00e9n son notables, en resumen: profesionalismo; La compa\u00f1\u00eda tambi\u00e9n utiliza herramientas modernas para monitorear y prevenir incidentes &#8216;en tiempo real&#8217;, que permiten un buen nivel de proactividad \u201d.<\/p>\n<p><strong>Wilson Jos\u00e9 Platner &#8211; Jefe de la Divisi\u00f3n de Infraestructura de Software &#8211; TJPR<\/strong>[\/vc_column_text][\/vc_column_inner][\/vc_row_inner][\/vc_column][\/vc_row][vc_row][vc_column width=\u00bb1\/4&#8243;][vc_column_text]<a href=\"https:\/\/localiza.com.br\" target=\"_blank\" rel=\"noopener noreferrer\"><img loading=\"lazy\" decoding=\"async\" class=\"size-full wp-image-304 alignnone\" src=\"https:\/\/horusinfo.com.br\/wp-content\/uploads\/2020\/04\/Localiza.png\" alt=\"\" width=\"300\" height=\"187\" srcset=\"https:\/\/horusinfo.com.br\/wp-content\/uploads\/2020\/04\/Localiza.png 300w, https:\/\/horusinfo.com.br\/wp-content\/uploads\/2020\/04\/Localiza-234x146.png 234w, https:\/\/horusinfo.com.br\/wp-content\/uploads\/2020\/04\/Localiza-50x31.png 50w, https:\/\/horusinfo.com.br\/wp-content\/uploads\/2020\/04\/Localiza-120x75.png 120w\" sizes=\"auto, (max-width:767px) 300px, 300px\" \/><\/a>[\/vc_column_text][\/vc_column][vc_column width=\u00bb3\/4&#8243;][vc_column_text]<\/p>\n<p style=\"text-align: justify;\">\u201cLa atenci\u00f3n que HORUS tiene con nosotros es, sin duda, lo que destaca. Contar con el socio HORUS nos brinda m\u00e1s tranquilidad, ya que sabemos que siempre que lo necesitemos, tendremos profesionales especializados atentos y de calidad \u201d.<\/p>\n<p><strong>Marcos Lomba, Localiza<\/strong>[\/vc_column_text][\/vc_column][\/vc_row][vc_row][vc_column][vc_row_inner][vc_column_inner width=\u00bb1\/4&#8243;][vc_column_text]<a href=\"https:\/\/www.branco.com.br\/la\/pt_br\/home.html\" target=\"_blank\" rel=\"noopener noreferrer\"><img loading=\"lazy\" decoding=\"async\" class=\"size-full wp-image-301 alignnone\" src=\"https:\/\/horusinfo.com.br\/wp-content\/uploads\/2020\/04\/Branco.png\" alt=\"\" width=\"300\" height=\"187\" srcset=\"https:\/\/horusinfo.com.br\/wp-content\/uploads\/2020\/04\/Branco.png 300w, https:\/\/horusinfo.com.br\/wp-content\/uploads\/2020\/04\/Branco-234x146.png 234w, https:\/\/horusinfo.com.br\/wp-content\/uploads\/2020\/04\/Branco-50x31.png 50w, https:\/\/horusinfo.com.br\/wp-content\/uploads\/2020\/04\/Branco-120x75.png 120w\" sizes=\"auto, (max-width:767px) 300px, 300px\" \/><\/a>[\/vc_column_text][\/vc_column_inner][vc_column_inner width=\u00bb3\/4&#8243;][vc_column_text]<\/p>\n<p style=\"text-align: justify;\">\u201cHorus ha estado sirviendo a nuestra empresa desde 2011. Los consultores siempre son \u00fatiles, r\u00e1pidos y eficientes. Definitivamente recomiendo Horus a otras compa\u00f1\u00edas. \u00a1El a\u00f1o pasado, estuvo entre los 5 mejores proveedores de Branco, ganando el Premio al Proveedor NOTA 10! \u201d<\/p>\n<p><strong>Elaine Ferreti, Branco Motores<\/strong>[\/vc_column_text][\/vc_column_inner][\/vc_row_inner][\/vc_column][\/vc_row][vc_row][vc_column][vc_row_inner][vc_column_inner width=\u00bb1\/4&#8243;][vc_column_text]<img loading=\"lazy\" decoding=\"async\" class=\"size-full wp-image-305 alignnone\" src=\"https:\/\/horusinfo.com.br\/wp-content\/uploads\/2020\/04\/Maroni.png\" alt=\"\" width=\"300\" height=\"187\" srcset=\"https:\/\/horusinfo.com.br\/wp-content\/uploads\/2020\/04\/Maroni.png 300w, https:\/\/horusinfo.com.br\/wp-content\/uploads\/2020\/04\/Maroni-234x146.png 234w, https:\/\/horusinfo.com.br\/wp-content\/uploads\/2020\/04\/Maroni-50x31.png 50w, https:\/\/horusinfo.com.br\/wp-content\/uploads\/2020\/04\/Maroni-120x75.png 120w\" sizes=\"auto, (max-width:767px) 300px, 300px\" \/>[\/vc_column_text][\/vc_column_inner][vc_column_inner width=\u00bb3\/4&#8243;][vc_column_text]<\/p>\n<p style=\"text-align: justify;\">\u201cHorus es una empresa bien estructurada, muy competente y profundamente comprometida con la entrega de resultados al cliente. Nos sentimos muy seguros sobre el servicio de soporte de DB2 contratado. En todas las ocasiones en que se solicitaron servicios, se nos atendi\u00f3 de inmediato, siempre con resultados efectivos \u201d.<\/p>\n<p><strong>Fernando Hamad, Transmaroni Log\u00edstica e Transportes<\/strong>[\/vc_column_text][\/vc_column_inner][\/vc_row_inner][\/vc_column][\/vc_row][vc_row][vc_column][vc_row_inner][vc_column_inner width=\u00bb1\/4&#8243;][vc_column_text]<img loading=\"lazy\" decoding=\"async\" class=\"size-full wp-image-303 alignnone\" src=\"https:\/\/horusinfo.com.br\/wp-content\/uploads\/2020\/04\/Energia.png\" alt=\"\" width=\"300\" height=\"187\" srcset=\"https:\/\/horusinfo.com.br\/wp-content\/uploads\/2020\/04\/Energia.png 300w, https:\/\/horusinfo.com.br\/wp-content\/uploads\/2020\/04\/Energia-234x146.png 234w, https:\/\/horusinfo.com.br\/wp-content\/uploads\/2020\/04\/Energia-50x31.png 50w, https:\/\/horusinfo.com.br\/wp-content\/uploads\/2020\/04\/Energia-120x75.png 120w\" sizes=\"auto, (max-width:767px) 300px, 300px\" \/>[\/vc_column_text][\/vc_column_inner][vc_column_inner width=\u00bb3\/4&#8243;][vc_column_text]<\/p>\n<p style=\"text-align: justify;\">\u201cHe trabajado con Horus durante m\u00e1s de 10 a\u00f1os, en dos compa\u00f1\u00edas diferentes. Contrat\u00e9 capacitaci\u00f3n, soporte y mantenimiento c\u00edclico en bases de datos y soporte puntual en proyectos. Siempre me han atendido con un alto nivel de profesionalismo y cualidades t\u00e9cnicas. Realmente se preocupan por nuestro \u00e9xito \u00ab.<\/p>\n<p><strong>Henrique Martins dos Santos, Gerente de TI, Energia Sustent\u00e1vel do Brasil<\/strong>[\/vc_column_text][\/vc_column_inner][\/vc_row_inner][\/vc_column][\/vc_row][vc_row][vc_column][vc_row_inner][vc_column_inner width=\u00bb1\/4&#8243;][vc_column_text]<img loading=\"lazy\" decoding=\"async\" class=\"size-full wp-image-306 alignleft\" src=\"https:\/\/horusinfo.com.br\/wp-content\/uploads\/2020\/04\/Pilar.png\" alt=\"\" width=\"300\" height=\"187\" srcset=\"https:\/\/horusinfo.com.br\/wp-content\/uploads\/2020\/04\/Pilar.png 300w, https:\/\/horusinfo.com.br\/wp-content\/uploads\/2020\/04\/Pilar-234x146.png 234w, https:\/\/horusinfo.com.br\/wp-content\/uploads\/2020\/04\/Pilar-50x31.png 50w, https:\/\/horusinfo.com.br\/wp-content\/uploads\/2020\/04\/Pilar-120x75.png 120w\" sizes=\"auto, (max-width:767px) 300px, 300px\" \/>[\/vc_column_text][\/vc_column_inner][vc_column_inner width=\u00bb3\/4&#8243;][vc_empty_space][vc_column_text]<\/p>\n<p style=\"text-align: justify;\">\u201cSomos clientes de Horus desde 2004, siempre hemos sido muy bien atendidos. Confiamos en la calidad de los profesionales y la seriedad de la empresa, que siempre ha presentado respuestas objetivas y un trabajo documentado y enfocado. Definitivamente recomiendo los servicios de Horus a todas las empresas \u00ab.<\/p>\n<p><strong>Andr\u00e9 Luiz Souza, Gerente de TI do Hospital Pilar<\/strong>[\/vc_column_text][\/vc_column_inner][\/vc_row_inner][\/vc_column][\/vc_row][vc_row][vc_column][vc_empty_space height=\u00bb20px\u00bb][vc_column_text]<a href=\"https:\/\/horusinfo.com.br\/es\/clientes\/\"><img loading=\"lazy\" decoding=\"async\" class=\"aligncenter size-full wp-image-302\" src=\"https:\/\/horusinfo.com.br\/wp-content\/uploads\/2020\/ES\/clientes.png\" alt=\"\" width=\"561\" height=\"108\" \/><\/a>[\/vc_column_text][\/vc_column][\/vc_row]<\/p>\n","protected":false},"excerpt":{"rendered":"<p>[vc_row][vc_column][vc_row_inner][vc_column_inner width=\u00bb1\/4&#8243;][vc_column_text][\/vc_column_text][\/vc_column_inner][vc_column_inner width=\u00bb3\/4&#8243;][vc_column_text] \u201cBetha Sistemas decidi\u00f3 contratar a Horus debido a una necesidad urgente, hasta entonces de manera temporal. Sin embargo, a pesar de que todav\u00eda<span class=\"excerpt-hellip\"> [\u2026]<\/span><\/p>\n","protected":false},"author":1,"featured_media":5873,"parent":0,"menu_order":0,"comment_status":"closed","ping_status":"closed","template":"","meta":{"footnotes":""},"class_list":["post-4179","page","type-page","status-publish","has-post-thumbnail","hentry"],"yoast_head":"<!-- This site is optimized with the Yoast SEO plugin v25.6 - https:\/\/yoast.com\/wordpress\/plugins\/seo\/ -->\n<title>Testimonios - Horus Solutions<\/title>\n<meta name=\"robots\" content=\"index, follow, max-snippet:-1, max-image-preview:large, max-video-preview:-1\" \/>\n<link rel=\"canonical\" href=\"https:\/\/horusinfo.com.br\/depoimentos\/\" \/>\n<meta property=\"og:locale\" content=\"es_ES\" \/>\n<meta property=\"og:type\" content=\"article\" \/>\n<meta property=\"og:title\" content=\"Testimonios - Horus Solutions\" \/>\n<meta property=\"og:description\" content=\"[vc_row][vc_column][vc_row_inner][vc_column_inner width=\u00bb1\/4&#8243;][vc_column_text][\/vc_column_text][\/vc_column_inner][vc_column_inner width=\u00bb3\/4&#8243;][vc_column_text] \u201cBetha Sistemas decidi\u00f3 contratar a Horus debido a una necesidad urgente, hasta entonces de manera temporal. Sin embargo, a pesar de que todav\u00eda [\u2026]\" \/>\n<meta property=\"og:url\" content=\"https:\/\/horusinfo.com.br\/depoimentos\/\" \/>\n<meta property=\"og:site_name\" content=\"Horus Solutions\" \/>\n<meta property=\"article:publisher\" content=\"https:\/\/www.facebook.com\/HorusSolutionsBR\/\" \/>\n<meta property=\"article:modified_time\" content=\"2020-05-28T19:35:45+00:00\" \/>\n<meta property=\"og:image\" content=\"https:\/\/horusinfo.com.br\/wp-content\/uploads\/2023\/07\/img-depoimentos.jpg\" \/>\n\t<meta property=\"og:image:width\" content=\"1920\" \/>\n\t<meta property=\"og:image:height\" content=\"977\" \/>\n\t<meta property=\"og:image:type\" content=\"image\/jpeg\" \/>\n<meta name=\"twitter:card\" content=\"summary_large_image\" \/>\n<meta name=\"twitter:label1\" content=\"Tiempo de lectura\" \/>\n\t<meta name=\"twitter:data1\" content=\"5 minutos\" \/>\n<script type=\"application\/ld+json\" class=\"yoast-schema-graph\">{\"@context\":\"https:\/\/schema.org\",\"@graph\":[{\"@type\":\"WebPage\",\"@id\":\"https:\/\/horusinfo.com.br\/depoimentos\/\",\"url\":\"https:\/\/horusinfo.com.br\/depoimentos\/\",\"name\":\"Testimonios - Horus Solutions\",\"isPartOf\":{\"@id\":\"https:\/\/horusinfo.com.br\/#website\"},\"primaryImageOfPage\":{\"@id\":\"https:\/\/horusinfo.com.br\/depoimentos\/#primaryimage\"},\"image\":{\"@id\":\"https:\/\/horusinfo.com.br\/depoimentos\/#primaryimage\"},\"thumbnailUrl\":\"https:\/\/horusinfo.com.br\/wp-content\/uploads\/2023\/07\/img-depoimentos.jpg\",\"datePublished\":\"2020-05-27T00:40:08+00:00\",\"dateModified\":\"2020-05-28T19:35:45+00:00\",\"breadcrumb\":{\"@id\":\"https:\/\/horusinfo.com.br\/depoimentos\/#breadcrumb\"},\"inLanguage\":\"es\",\"potentialAction\":[{\"@type\":\"ReadAction\",\"target\":[\"https:\/\/horusinfo.com.br\/depoimentos\/\"]}]},{\"@type\":\"ImageObject\",\"inLanguage\":\"es\",\"@id\":\"https:\/\/horusinfo.com.br\/depoimentos\/#primaryimage\",\"url\":\"https:\/\/horusinfo.com.br\/wp-content\/uploads\/2023\/07\/img-depoimentos.jpg\",\"contentUrl\":\"https:\/\/horusinfo.com.br\/wp-content\/uploads\/2023\/07\/img-depoimentos.jpg\",\"width\":1920,\"height\":977},{\"@type\":\"BreadcrumbList\",\"@id\":\"https:\/\/horusinfo.com.br\/depoimentos\/#breadcrumb\",\"itemListElement\":[{\"@type\":\"ListItem\",\"position\":1,\"name\":\"In\u00edcio\",\"item\":\"https:\/\/horusinfo.com.br\/es\/\"},{\"@type\":\"ListItem\",\"position\":2,\"name\":\"Testimonios\"}]},{\"@type\":\"WebSite\",\"@id\":\"https:\/\/horusinfo.com.br\/#website\",\"url\":\"https:\/\/horusinfo.com.br\/\",\"name\":\"Horus Solutions\",\"description\":\"Inova\u00e7\u00e3o em Gest\u00e3o Estrat\u00e9gica da Informa\u00e7\u00e3o\",\"publisher\":{\"@id\":\"https:\/\/horusinfo.com.br\/#organization\"},\"potentialAction\":[{\"@type\":\"SearchAction\",\"target\":{\"@type\":\"EntryPoint\",\"urlTemplate\":\"https:\/\/horusinfo.com.br\/?s={search_term_string}\"},\"query-input\":{\"@type\":\"PropertyValueSpecification\",\"valueRequired\":true,\"valueName\":\"search_term_string\"}}],\"inLanguage\":\"es\"},{\"@type\":\"Organization\",\"@id\":\"https:\/\/horusinfo.com.br\/#organization\",\"name\":\"Horus Solutions\",\"url\":\"https:\/\/horusinfo.com.br\/\",\"logo\":{\"@type\":\"ImageObject\",\"inLanguage\":\"es\",\"@id\":\"https:\/\/horusinfo.com.br\/#\/schema\/logo\/image\/\",\"url\":\"https:\/\/horusinfo.com.br\/wp-content\/uploads\/2020\/04\/Logo_site_2.png\",\"contentUrl\":\"https:\/\/horusinfo.com.br\/wp-content\/uploads\/2020\/04\/Logo_site_2.png\",\"width\":116,\"height\":80,\"caption\":\"Horus Solutions\"},\"image\":{\"@id\":\"https:\/\/horusinfo.com.br\/#\/schema\/logo\/image\/\"},\"sameAs\":[\"https:\/\/www.facebook.com\/HorusSolutionsBR\/\",\"https:\/\/www.instagram.com\/horus.solutions\/\",\"https:\/\/www.linkedin.com\/company\/horussolutions\/\"]}]}<\/script>\n<!-- \/ Yoast SEO plugin. -->","yoast_head_json":{"title":"Testimonios - Horus Solutions","robots":{"index":"index","follow":"follow","max-snippet":"max-snippet:-1","max-image-preview":"max-image-preview:large","max-video-preview":"max-video-preview:-1"},"canonical":"https:\/\/horusinfo.com.br\/depoimentos\/","og_locale":"es_ES","og_type":"article","og_title":"Testimonios - Horus Solutions","og_description":"[vc_row][vc_column][vc_row_inner][vc_column_inner width=\u00bb1\/4&#8243;][vc_column_text][\/vc_column_text][\/vc_column_inner][vc_column_inner width=\u00bb3\/4&#8243;][vc_column_text] \u201cBetha Sistemas decidi\u00f3 contratar a Horus debido a una necesidad urgente, hasta entonces de manera temporal. Sin embargo, a pesar de que todav\u00eda [\u2026]","og_url":"https:\/\/horusinfo.com.br\/depoimentos\/","og_site_name":"Horus Solutions","article_publisher":"https:\/\/www.facebook.com\/HorusSolutionsBR\/","article_modified_time":"2020-05-28T19:35:45+00:00","og_image":[{"width":1920,"height":977,"url":"https:\/\/horusinfo.com.br\/wp-content\/uploads\/2023\/07\/img-depoimentos.jpg","type":"image\/jpeg"}],"twitter_card":"summary_large_image","twitter_misc":{"Tiempo de lectura":"5 minutos"},"schema":{"@context":"https:\/\/schema.org","@graph":[{"@type":"WebPage","@id":"https:\/\/horusinfo.com.br\/depoimentos\/","url":"https:\/\/horusinfo.com.br\/depoimentos\/","name":"Testimonios - Horus Solutions","isPartOf":{"@id":"https:\/\/horusinfo.com.br\/#website"},"primaryImageOfPage":{"@id":"https:\/\/horusinfo.com.br\/depoimentos\/#primaryimage"},"image":{"@id":"https:\/\/horusinfo.com.br\/depoimentos\/#primaryimage"},"thumbnailUrl":"https:\/\/horusinfo.com.br\/wp-content\/uploads\/2023\/07\/img-depoimentos.jpg","datePublished":"2020-05-27T00:40:08+00:00","dateModified":"2020-05-28T19:35:45+00:00","breadcrumb":{"@id":"https:\/\/horusinfo.com.br\/depoimentos\/#breadcrumb"},"inLanguage":"es","potentialAction":[{"@type":"ReadAction","target":["https:\/\/horusinfo.com.br\/depoimentos\/"]}]},{"@type":"ImageObject","inLanguage":"es","@id":"https:\/\/horusinfo.com.br\/depoimentos\/#primaryimage","url":"https:\/\/horusinfo.com.br\/wp-content\/uploads\/2023\/07\/img-depoimentos.jpg","contentUrl":"https:\/\/horusinfo.com.br\/wp-content\/uploads\/2023\/07\/img-depoimentos.jpg","width":1920,"height":977},{"@type":"BreadcrumbList","@id":"https:\/\/horusinfo.com.br\/depoimentos\/#breadcrumb","itemListElement":[{"@type":"ListItem","position":1,"name":"In\u00edcio","item":"https:\/\/horusinfo.com.br\/es\/"},{"@type":"ListItem","position":2,"name":"Testimonios"}]},{"@type":"WebSite","@id":"https:\/\/horusinfo.com.br\/#website","url":"https:\/\/horusinfo.com.br\/","name":"Horus Solutions","description":"Inova\u00e7\u00e3o em Gest\u00e3o Estrat\u00e9gica da Informa\u00e7\u00e3o","publisher":{"@id":"https:\/\/horusinfo.com.br\/#organization"},"potentialAction":[{"@type":"SearchAction","target":{"@type":"EntryPoint","urlTemplate":"https:\/\/horusinfo.com.br\/?s={search_term_string}"},"query-input":{"@type":"PropertyValueSpecification","valueRequired":true,"valueName":"search_term_string"}}],"inLanguage":"es"},{"@type":"Organization","@id":"https:\/\/horusinfo.com.br\/#organization","name":"Horus Solutions","url":"https:\/\/horusinfo.com.br\/","logo":{"@type":"ImageObject","inLanguage":"es","@id":"https:\/\/horusinfo.com.br\/#\/schema\/logo\/image\/","url":"https:\/\/horusinfo.com.br\/wp-content\/uploads\/2020\/04\/Logo_site_2.png","contentUrl":"https:\/\/horusinfo.com.br\/wp-content\/uploads\/2020\/04\/Logo_site_2.png","width":116,"height":80,"caption":"Horus Solutions"},"image":{"@id":"https:\/\/horusinfo.com.br\/#\/schema\/logo\/image\/"},"sameAs":["https:\/\/www.facebook.com\/HorusSolutionsBR\/","https:\/\/www.instagram.com\/horus.solutions\/","https:\/\/www.linkedin.com\/company\/horussolutions\/"]}]}},"_links":{"self":[{"href":"https:\/\/horusinfo.com.br\/es\/wp-json\/wp\/v2\/pages\/4179","targetHints":{"allow":["GET"]}}],"collection":[{"href":"https:\/\/horusinfo.com.br\/es\/wp-json\/wp\/v2\/pages"}],"about":[{"href":"https:\/\/horusinfo.com.br\/es\/wp-json\/wp\/v2\/types\/page"}],"author":[{"embeddable":true,"href":"https:\/\/horusinfo.com.br\/es\/wp-json\/wp\/v2\/users\/1"}],"replies":[{"embeddable":true,"href":"https:\/\/horusinfo.com.br\/es\/wp-json\/wp\/v2\/comments?post=4179"}],"version-history":[{"count":3,"href":"https:\/\/horusinfo.com.br\/es\/wp-json\/wp\/v2\/pages\/4179\/revisions"}],"predecessor-version":[{"id":4237,"href":"https:\/\/horusinfo.com.br\/es\/wp-json\/wp\/v2\/pages\/4179\/revisions\/4237"}],"wp:featuredmedia":[{"embeddable":true,"href":"https:\/\/horusinfo.com.br\/es\/wp-json\/wp\/v2\/media\/5873"}],"wp:attachment":[{"href":"https:\/\/horusinfo.com.br\/es\/wp-json\/wp\/v2\/media?parent=4179"}],"curies":[{"name":"wp","href":"https:\/\/api.w.org\/{rel}","templated":true}]}}