{"id":4074,"date":"2020-05-26T10:56:03","date_gmt":"2020-05-26T13:56:03","guid":{"rendered":"https:\/\/horusinfo.com.br\/testemonies\/"},"modified":"2023-07-07T16:04:00","modified_gmt":"2023-07-07T19:04:00","slug":"testimonials","status":"publish","type":"page","link":"https:\/\/horusinfo.com.br\/en\/testimonials\/","title":{"rendered":"Testimonials"},"content":{"rendered":"<p>[vc_row][vc_column][vc_row_inner][vc_column_inner width=&#8221;1\/4&#8243;][vc_column_text]<a href=\"https:\/\/www.betha.com.br\/\" target=\"_blank\" rel=\"noopener noreferrer\"><img loading=\"lazy\" decoding=\"async\" class=\"size-full wp-image-300 alignright\" src=\"https:\/\/horusinfo.com.br\/wp-content\/uploads\/2020\/04\/Betha.png\" alt=\"\" width=\"300\" height=\"187\" srcset=\"https:\/\/horusinfo.com.br\/wp-content\/uploads\/2020\/04\/Betha.png 300w, https:\/\/horusinfo.com.br\/wp-content\/uploads\/2020\/04\/Betha-234x146.png 234w, https:\/\/horusinfo.com.br\/wp-content\/uploads\/2020\/04\/Betha-50x31.png 50w, https:\/\/horusinfo.com.br\/wp-content\/uploads\/2020\/04\/Betha-120x75.png 120w\" sizes=\"auto, (max-width:767px) 300px, 300px\" \/><\/a>[\/vc_column_text][\/vc_column_inner][vc_column_inner width=&#8221;3\/4&#8243;][vc_column_text]\u201cBetha Sistemas decided to hire Horus due to an urgent need, at the time on a temporary capacity. However, even though we are still in the first year, we can say with authority that today our intention is completely different. We have a mission-critical system, and as we have had previous experiences with other companies, which unfortunately weren\u2019t so good, we were a little resistant. But with Horus the work has been completely different and we are very happy with all the support we received. In addition to the speedy service, we feel safe and confident in the \u201cDBA as a Service\u201d service, where all our needs have been technically resolved and met with sufficient details to make us feel safe. Moreover, we manage what we hired, through the Horus Portal, and we also count on Falcon to monitor our services. Betha Sistemas undoubtedly endorses Horus\u2019 service. \u201d<\/p>\n<p><strong>Ezequiel Garcia, Research and Development Manager, Betha<\/strong>[\/vc_column_text][\/vc_column_inner][\/vc_row_inner][\/vc_column][\/vc_row][vc_row][vc_column][vc_row_inner][vc_column_inner width=&#8221;1\/4&#8243;][vc_column_text]<a href=\"https:\/\/www.uepg.br\/\" target=\"_blank\" rel=\"noopener noreferrer\"><img loading=\"lazy\" decoding=\"async\" class=\"size-full wp-image-309 alignnone\" src=\"https:\/\/horusinfo.com.br\/wp-content\/uploads\/2020\/04\/UEPG.png\" alt=\"\" width=\"300\" height=\"187\" srcset=\"https:\/\/horusinfo.com.br\/wp-content\/uploads\/2020\/04\/UEPG.png 300w, https:\/\/horusinfo.com.br\/wp-content\/uploads\/2020\/04\/UEPG-234x146.png 234w, https:\/\/horusinfo.com.br\/wp-content\/uploads\/2020\/04\/UEPG-50x31.png 50w, https:\/\/horusinfo.com.br\/wp-content\/uploads\/2020\/04\/UEPG-120x75.png 120w\" sizes=\"auto, (max-width:767px) 300px, 300px\" \/><\/a>[\/vc_column_text][\/vc_column_inner][vc_column_inner width=&#8221;3\/4&#8243;][vc_column_text]\u201cHorus has been providing support to our institution for more than 12 years, providing services and technical advice, more specifically in relation to the issues of use, configuration, installation and performance of our Database Management System. We feel safe with the prompt service of its trained technical team that meets our needs.\u201d<\/p>\n<p><strong>Sandro Teixeira, Development Manager, UEPG<\/strong>[\/vc_column_text][\/vc_column_inner][\/vc_row_inner][\/vc_column][\/vc_row][vc_row][vc_column][vc_row_inner][vc_column_inner width=&#8221;1\/4&#8243;][vc_column_text]<img loading=\"lazy\" decoding=\"async\" class=\"size-full wp-image-308 alignnone\" src=\"https:\/\/horusinfo.com.br\/wp-content\/uploads\/2020\/04\/Triade.png\" alt=\"\" width=\"300\" height=\"187\" srcset=\"https:\/\/horusinfo.com.br\/wp-content\/uploads\/2020\/04\/Triade.png 300w, https:\/\/horusinfo.com.br\/wp-content\/uploads\/2020\/04\/Triade-234x146.png 234w, https:\/\/horusinfo.com.br\/wp-content\/uploads\/2020\/04\/Triade-50x31.png 50w, https:\/\/horusinfo.com.br\/wp-content\/uploads\/2020\/04\/Triade-120x75.png 120w\" sizes=\"auto, (max-width:767px) 300px, 300px\" \/>[\/vc_column_text][\/vc_column_inner][vc_column_inner width=&#8221;3\/4&#8243;][vc_column_text]\u201cTR\u00cdADE PROJETOS E CONSULTORIA considers as a differential in its performance, that in addition to being a supplier, it must also seek to be a partner of its customers. And to achieve this objective, it applies this as criteria when choosing its suppliers, and HORUS SOLUTIONS since the beginning of its services with TR\u00cdADE has shown its expertise, commitment and flexibility, and through this strong partnership, it leaves us safe to keep our business and take on new challenges\u201d.<\/p>\n<p><strong>Gustavo Machado Vieira, Director of Management, Technology and Innovation, TR\u00cdADE PROJETOS E CONSULTORIA<\/strong>[\/vc_column_text][\/vc_column_inner][\/vc_row_inner][\/vc_column][\/vc_row][vc_row][vc_column][vc_row_inner][vc_column_inner width=&#8221;1\/4&#8243;][vc_column_text]<a href=\"https:\/\/www.tjpr.jus.br\/\" target=\"_blank\" rel=\"noopener noreferrer\"><img loading=\"lazy\" decoding=\"async\" class=\"size-full wp-image-307 alignnone\" src=\"https:\/\/horusinfo.com.br\/wp-content\/uploads\/2020\/04\/TJPR.png\" alt=\"\" width=\"300\" height=\"187\" srcset=\"https:\/\/horusinfo.com.br\/wp-content\/uploads\/2020\/04\/TJPR.png 300w, https:\/\/horusinfo.com.br\/wp-content\/uploads\/2020\/04\/TJPR-234x146.png 234w, https:\/\/horusinfo.com.br\/wp-content\/uploads\/2020\/04\/TJPR-50x31.png 50w, https:\/\/horusinfo.com.br\/wp-content\/uploads\/2020\/04\/TJPR-120x75.png 120w\" sizes=\"auto, (max-width:767px) 300px, 300px\" \/><\/a>[\/vc_column_text][\/vc_column_inner][vc_column_inner width=&#8221;3\/4&#8243;][vc_column_text]\u201cWe have been Horus\u2019 customer since 2014. The company has a highly qualified team that has fully attended to the demands of varying levels of complexity and criticality; They work with seriousness, responsibility and a lot of technical knowledge. The cordiality, punctuality and companionship are also notable, in short: professionalism; The company also uses modern tools for monitoring and preventing &#8216;real time&#8217; incidents, which allow a good level of proactivity; \u201d<\/p>\n<p>&nbsp;<\/p>\n<p><strong>Wilson Jos\u00e9 Platner &#8211; Head of the Software Infrastructure Division &#8211; TJPR<\/strong>[\/vc_column_text][\/vc_column_inner][\/vc_row_inner][\/vc_column][\/vc_row][vc_row][vc_column width=&#8221;1\/4&#8243;][vc_column_text]<a href=\"https:\/\/localiza.com.br\" target=\"_blank\" rel=\"noopener noreferrer\"><img loading=\"lazy\" decoding=\"async\" class=\"size-full wp-image-304 alignnone\" src=\"https:\/\/horusinfo.com.br\/wp-content\/uploads\/2020\/04\/Localiza.png\" alt=\"\" width=\"300\" height=\"187\" srcset=\"https:\/\/horusinfo.com.br\/wp-content\/uploads\/2020\/04\/Localiza.png 300w, https:\/\/horusinfo.com.br\/wp-content\/uploads\/2020\/04\/Localiza-234x146.png 234w, https:\/\/horusinfo.com.br\/wp-content\/uploads\/2020\/04\/Localiza-50x31.png 50w, https:\/\/horusinfo.com.br\/wp-content\/uploads\/2020\/04\/Localiza-120x75.png 120w\" sizes=\"auto, (max-width:767px) 300px, 300px\" \/><\/a>[\/vc_column_text][\/vc_column][vc_column width=&#8221;3\/4&#8243;][vc_column_text]\u201cThe attention that HORUS has given us is undoubtedly what stands out. Counting on the HORUS as a partner brings us more peace of mind, as we know that whenever we need it, we will have high quality attentive specialized professionals.\u201d<\/p>\n<p><strong>Marcos Lomba, Localiza<\/strong>[\/vc_column_text][\/vc_column][\/vc_row][vc_row][vc_column][vc_row_inner][vc_column_inner width=&#8221;1\/4&#8243;][vc_column_text]<a href=\"https:\/\/www.branco.com.br\/la\/pt_br\/home.html\" target=\"_blank\" rel=\"noopener noreferrer\"><img loading=\"lazy\" decoding=\"async\" class=\"size-full wp-image-301 alignnone\" src=\"https:\/\/horusinfo.com.br\/wp-content\/uploads\/2020\/04\/Branco.png\" alt=\"\" width=\"300\" height=\"187\" srcset=\"https:\/\/horusinfo.com.br\/wp-content\/uploads\/2020\/04\/Branco.png 300w, https:\/\/horusinfo.com.br\/wp-content\/uploads\/2020\/04\/Branco-234x146.png 234w, https:\/\/horusinfo.com.br\/wp-content\/uploads\/2020\/04\/Branco-50x31.png 50w, https:\/\/horusinfo.com.br\/wp-content\/uploads\/2020\/04\/Branco-120x75.png 120w\" sizes=\"auto, (max-width:767px) 300px, 300px\" \/><\/a>[\/vc_column_text][\/vc_column_inner][vc_column_inner width=&#8221;3\/4&#8243;][vc_column_text]\u201cHorus has been providing us with their services since 2011. \u00a0The consultants are always helpful, quick and efficient. I definitely recommend Horus to other companies. Last year, they were among our top 5 suppliers, winning the Supplier Award A+!\u201d<\/p>\n<p>&nbsp;<\/p>\n<p><strong>Elaine Ferreti, White Engines<\/strong>[\/vc_column_text][\/vc_column_inner][\/vc_row_inner][\/vc_column][\/vc_row][vc_row][vc_column][vc_row_inner][vc_column_inner width=&#8221;1\/4&#8243;][vc_column_text]<img loading=\"lazy\" decoding=\"async\" class=\"size-full wp-image-305 alignnone\" src=\"https:\/\/horusinfo.com.br\/wp-content\/uploads\/2020\/04\/Maroni.png\" alt=\"\" width=\"300\" height=\"187\" srcset=\"https:\/\/horusinfo.com.br\/wp-content\/uploads\/2020\/04\/Maroni.png 300w, https:\/\/horusinfo.com.br\/wp-content\/uploads\/2020\/04\/Maroni-234x146.png 234w, https:\/\/horusinfo.com.br\/wp-content\/uploads\/2020\/04\/Maroni-50x31.png 50w, https:\/\/horusinfo.com.br\/wp-content\/uploads\/2020\/04\/Maroni-120x75.png 120w\" sizes=\"auto, (max-width:767px) 300px, 300px\" \/>[\/vc_column_text][\/vc_column_inner][vc_column_inner width=&#8221;3\/4&#8243;][vc_column_text]\u201cHorus is a well-structured company, very competent and deeply committed to delivering results to their customers. We felt safe when hiring their DB2 Support service. Every time their services were requested, we were promptly attended to and always with effective results.\u201d<\/p>\n<p><strong>Fernando Hamad, Transmaroni Log\u00edstica e Transportes<\/strong>[\/vc_column_text][\/vc_column_inner][\/vc_row_inner][\/vc_column][\/vc_row][vc_row][vc_column][vc_row_inner][vc_column_inner width=&#8221;1\/4&#8243;][vc_column_text]<img loading=\"lazy\" decoding=\"async\" class=\"size-full wp-image-303 alignnone\" src=\"https:\/\/horusinfo.com.br\/wp-content\/uploads\/2020\/04\/Energia.png\" alt=\"\" width=\"300\" height=\"187\" srcset=\"https:\/\/horusinfo.com.br\/wp-content\/uploads\/2020\/04\/Energia.png 300w, https:\/\/horusinfo.com.br\/wp-content\/uploads\/2020\/04\/Energia-234x146.png 234w, https:\/\/horusinfo.com.br\/wp-content\/uploads\/2020\/04\/Energia-50x31.png 50w, https:\/\/horusinfo.com.br\/wp-content\/uploads\/2020\/04\/Energia-120x75.png 120w\" sizes=\"auto, (max-width:767px) 300px, 300px\" \/>[\/vc_column_text][\/vc_column_inner][vc_column_inner width=&#8221;3\/4&#8243;][vc_column_text]\u201cI have been working with Horus for more than 10 years, in two different companies. I hired training, support and cyclic maintenance in databases and specific support in some projects. I have always been attended to with a high level of professionalism and technical qualities. They really care about our success.\u201d<\/p>\n<p>&nbsp;<\/p>\n<p><strong>Henrique Martins dos Santos, IT Manager, Sustainable Energy in Brazil<\/strong>[\/vc_column_text][\/vc_column_inner][\/vc_row_inner][\/vc_column][\/vc_row][vc_row][vc_column][vc_row_inner][vc_column_inner width=&#8221;1\/4&#8243;][vc_column_text]<img loading=\"lazy\" decoding=\"async\" class=\"size-full wp-image-306 alignleft\" src=\"https:\/\/horusinfo.com.br\/wp-content\/uploads\/2020\/04\/Pilar.png\" alt=\"\" width=\"300\" height=\"187\" srcset=\"https:\/\/horusinfo.com.br\/wp-content\/uploads\/2020\/04\/Pilar.png 300w, https:\/\/horusinfo.com.br\/wp-content\/uploads\/2020\/04\/Pilar-234x146.png 234w, https:\/\/horusinfo.com.br\/wp-content\/uploads\/2020\/04\/Pilar-50x31.png 50w, https:\/\/horusinfo.com.br\/wp-content\/uploads\/2020\/04\/Pilar-120x75.png 120w\" sizes=\"auto, (max-width:767px) 300px, 300px\" \/>[\/vc_column_text][\/vc_column_inner][vc_column_inner width=&#8221;3\/4&#8243;][vc_empty_space][vc_column_text]\u201cWe have been Horus customers since 2004, we have always been very well served. We trust in the quality of the professionals and in the seriousness of the company, which has always presented objective responses and documented and focused work. I definitely recommend Horus services to all companies.\u201d<\/p>\n<p>&nbsp;<\/p>\n<p><strong>Andr\u00e9 Luiz Souza, IT Manager at Pilar Hospital<\/strong>[\/vc_column_text][\/vc_column_inner][\/vc_row_inner][\/vc_column][\/vc_row][vc_row][vc_column][vc_empty_space height=&#8221;20px&#8221;][vc_column_text]<a href=\"https:\/\/horusinfo.com.br\/en\/customer\/\"><img loading=\"lazy\" decoding=\"async\" class=\"aligncenter size-full wp-image-302\" src=\"https:\/\/horusinfo.com.br\/wp-content\/uploads\/2020\/EN\/03.clientes.png\" alt=\"\" width=\"561\" height=\"108\" \/><\/a>[\/vc_column_text][\/vc_column][\/vc_row]<\/p>\n","protected":false},"excerpt":{"rendered":"<p>[vc_row][vc_column][vc_row_inner][vc_column_inner width=&#8221;1\/4&#8243;][vc_column_text][\/vc_column_text][\/vc_column_inner][vc_column_inner width=&#8221;3\/4&#8243;][vc_column_text]\u201cBetha Sistemas decided to hire Horus due to an urgent need, at the time on a temporary capacity. However, even though we are still<span class=\"excerpt-hellip\"> [\u2026]<\/span><\/p>\n","protected":false},"author":1,"featured_media":5872,"parent":0,"menu_order":0,"comment_status":"closed","ping_status":"closed","template":"","meta":{"footnotes":""},"class_list":["post-4074","page","type-page","status-publish","has-post-thumbnail","hentry"],"yoast_head":"<!-- This site is optimized with the Yoast SEO plugin v25.6 - https:\/\/yoast.com\/wordpress\/plugins\/seo\/ -->\n<title>Testimonials - Horus Solutions<\/title>\n<meta name=\"robots\" content=\"index, follow, max-snippet:-1, max-image-preview:large, max-video-preview:-1\" \/>\n<link rel=\"canonical\" href=\"https:\/\/horusinfo.com.br\/depoimentos\/\" \/>\n<meta property=\"og:locale\" content=\"en_US\" \/>\n<meta property=\"og:type\" content=\"article\" \/>\n<meta property=\"og:title\" content=\"Testimonials - Horus Solutions\" \/>\n<meta property=\"og:description\" content=\"[vc_row][vc_column][vc_row_inner][vc_column_inner width=&#8221;1\/4&#8243;][vc_column_text][\/vc_column_text][\/vc_column_inner][vc_column_inner width=&#8221;3\/4&#8243;][vc_column_text]\u201cBetha Sistemas decided to hire Horus due to an urgent need, at the time on a temporary capacity. However, even though we are still [\u2026]\" \/>\n<meta property=\"og:url\" content=\"https:\/\/horusinfo.com.br\/depoimentos\/\" \/>\n<meta property=\"og:site_name\" content=\"Horus Solutions\" \/>\n<meta property=\"article:publisher\" content=\"https:\/\/www.facebook.com\/HorusSolutionsBR\/\" \/>\n<meta property=\"article:modified_time\" content=\"2023-07-07T19:04:00+00:00\" \/>\n<meta property=\"og:image\" content=\"https:\/\/horusinfo.com.br\/wp-content\/uploads\/2023\/07\/img-depoimentos.jpg\" \/>\n\t<meta property=\"og:image:width\" content=\"1920\" \/>\n\t<meta property=\"og:image:height\" content=\"977\" \/>\n\t<meta property=\"og:image:type\" content=\"image\/jpeg\" \/>\n<meta name=\"twitter:card\" content=\"summary_large_image\" \/>\n<meta name=\"twitter:label1\" content=\"Est. reading time\" \/>\n\t<meta name=\"twitter:data1\" content=\"5 minutes\" \/>\n<script type=\"application\/ld+json\" class=\"yoast-schema-graph\">{\"@context\":\"https:\/\/schema.org\",\"@graph\":[{\"@type\":\"WebPage\",\"@id\":\"https:\/\/horusinfo.com.br\/depoimentos\/\",\"url\":\"https:\/\/horusinfo.com.br\/depoimentos\/\",\"name\":\"Testimonials - Horus Solutions\",\"isPartOf\":{\"@id\":\"https:\/\/horusinfo.com.br\/#website\"},\"primaryImageOfPage\":{\"@id\":\"https:\/\/horusinfo.com.br\/depoimentos\/#primaryimage\"},\"image\":{\"@id\":\"https:\/\/horusinfo.com.br\/depoimentos\/#primaryimage\"},\"thumbnailUrl\":\"https:\/\/horusinfo.com.br\/wp-content\/uploads\/2023\/07\/img-depoimentos.jpg\",\"datePublished\":\"2020-05-26T13:56:03+00:00\",\"dateModified\":\"2023-07-07T19:04:00+00:00\",\"breadcrumb\":{\"@id\":\"https:\/\/horusinfo.com.br\/depoimentos\/#breadcrumb\"},\"inLanguage\":\"en-US\",\"potentialAction\":[{\"@type\":\"ReadAction\",\"target\":[\"https:\/\/horusinfo.com.br\/depoimentos\/\"]}]},{\"@type\":\"ImageObject\",\"inLanguage\":\"en-US\",\"@id\":\"https:\/\/horusinfo.com.br\/depoimentos\/#primaryimage\",\"url\":\"https:\/\/horusinfo.com.br\/wp-content\/uploads\/2023\/07\/img-depoimentos.jpg\",\"contentUrl\":\"https:\/\/horusinfo.com.br\/wp-content\/uploads\/2023\/07\/img-depoimentos.jpg\",\"width\":1920,\"height\":977},{\"@type\":\"BreadcrumbList\",\"@id\":\"https:\/\/horusinfo.com.br\/depoimentos\/#breadcrumb\",\"itemListElement\":[{\"@type\":\"ListItem\",\"position\":1,\"name\":\"In\u00edcio\",\"item\":\"https:\/\/horusinfo.com.br\/en\/\"},{\"@type\":\"ListItem\",\"position\":2,\"name\":\"Testimonials\"}]},{\"@type\":\"WebSite\",\"@id\":\"https:\/\/horusinfo.com.br\/#website\",\"url\":\"https:\/\/horusinfo.com.br\/\",\"name\":\"Horus Solutions\",\"description\":\"Inova\u00e7\u00e3o em Gest\u00e3o Estrat\u00e9gica da Informa\u00e7\u00e3o\",\"publisher\":{\"@id\":\"https:\/\/horusinfo.com.br\/#organization\"},\"potentialAction\":[{\"@type\":\"SearchAction\",\"target\":{\"@type\":\"EntryPoint\",\"urlTemplate\":\"https:\/\/horusinfo.com.br\/?s={search_term_string}\"},\"query-input\":{\"@type\":\"PropertyValueSpecification\",\"valueRequired\":true,\"valueName\":\"search_term_string\"}}],\"inLanguage\":\"en-US\"},{\"@type\":\"Organization\",\"@id\":\"https:\/\/horusinfo.com.br\/#organization\",\"name\":\"Horus Solutions\",\"url\":\"https:\/\/horusinfo.com.br\/\",\"logo\":{\"@type\":\"ImageObject\",\"inLanguage\":\"en-US\",\"@id\":\"https:\/\/horusinfo.com.br\/#\/schema\/logo\/image\/\",\"url\":\"https:\/\/horusinfo.com.br\/wp-content\/uploads\/2020\/04\/Logo_site_2.png\",\"contentUrl\":\"https:\/\/horusinfo.com.br\/wp-content\/uploads\/2020\/04\/Logo_site_2.png\",\"width\":116,\"height\":80,\"caption\":\"Horus Solutions\"},\"image\":{\"@id\":\"https:\/\/horusinfo.com.br\/#\/schema\/logo\/image\/\"},\"sameAs\":[\"https:\/\/www.facebook.com\/HorusSolutionsBR\/\",\"https:\/\/www.instagram.com\/horus.solutions\/\",\"https:\/\/www.linkedin.com\/company\/horussolutions\/\"]}]}<\/script>\n<!-- \/ Yoast SEO plugin. -->","yoast_head_json":{"title":"Testimonials - Horus Solutions","robots":{"index":"index","follow":"follow","max-snippet":"max-snippet:-1","max-image-preview":"max-image-preview:large","max-video-preview":"max-video-preview:-1"},"canonical":"https:\/\/horusinfo.com.br\/depoimentos\/","og_locale":"en_US","og_type":"article","og_title":"Testimonials - Horus Solutions","og_description":"[vc_row][vc_column][vc_row_inner][vc_column_inner width=&#8221;1\/4&#8243;][vc_column_text][\/vc_column_text][\/vc_column_inner][vc_column_inner width=&#8221;3\/4&#8243;][vc_column_text]\u201cBetha Sistemas decided to hire Horus due to an urgent need, at the time on a temporary capacity. However, even though we are still [\u2026]","og_url":"https:\/\/horusinfo.com.br\/depoimentos\/","og_site_name":"Horus Solutions","article_publisher":"https:\/\/www.facebook.com\/HorusSolutionsBR\/","article_modified_time":"2023-07-07T19:04:00+00:00","og_image":[{"width":1920,"height":977,"url":"https:\/\/horusinfo.com.br\/wp-content\/uploads\/2023\/07\/img-depoimentos.jpg","type":"image\/jpeg"}],"twitter_card":"summary_large_image","twitter_misc":{"Est. reading time":"5 minutes"},"schema":{"@context":"https:\/\/schema.org","@graph":[{"@type":"WebPage","@id":"https:\/\/horusinfo.com.br\/depoimentos\/","url":"https:\/\/horusinfo.com.br\/depoimentos\/","name":"Testimonials - Horus Solutions","isPartOf":{"@id":"https:\/\/horusinfo.com.br\/#website"},"primaryImageOfPage":{"@id":"https:\/\/horusinfo.com.br\/depoimentos\/#primaryimage"},"image":{"@id":"https:\/\/horusinfo.com.br\/depoimentos\/#primaryimage"},"thumbnailUrl":"https:\/\/horusinfo.com.br\/wp-content\/uploads\/2023\/07\/img-depoimentos.jpg","datePublished":"2020-05-26T13:56:03+00:00","dateModified":"2023-07-07T19:04:00+00:00","breadcrumb":{"@id":"https:\/\/horusinfo.com.br\/depoimentos\/#breadcrumb"},"inLanguage":"en-US","potentialAction":[{"@type":"ReadAction","target":["https:\/\/horusinfo.com.br\/depoimentos\/"]}]},{"@type":"ImageObject","inLanguage":"en-US","@id":"https:\/\/horusinfo.com.br\/depoimentos\/#primaryimage","url":"https:\/\/horusinfo.com.br\/wp-content\/uploads\/2023\/07\/img-depoimentos.jpg","contentUrl":"https:\/\/horusinfo.com.br\/wp-content\/uploads\/2023\/07\/img-depoimentos.jpg","width":1920,"height":977},{"@type":"BreadcrumbList","@id":"https:\/\/horusinfo.com.br\/depoimentos\/#breadcrumb","itemListElement":[{"@type":"ListItem","position":1,"name":"In\u00edcio","item":"https:\/\/horusinfo.com.br\/en\/"},{"@type":"ListItem","position":2,"name":"Testimonials"}]},{"@type":"WebSite","@id":"https:\/\/horusinfo.com.br\/#website","url":"https:\/\/horusinfo.com.br\/","name":"Horus Solutions","description":"Inova\u00e7\u00e3o em Gest\u00e3o Estrat\u00e9gica da Informa\u00e7\u00e3o","publisher":{"@id":"https:\/\/horusinfo.com.br\/#organization"},"potentialAction":[{"@type":"SearchAction","target":{"@type":"EntryPoint","urlTemplate":"https:\/\/horusinfo.com.br\/?s={search_term_string}"},"query-input":{"@type":"PropertyValueSpecification","valueRequired":true,"valueName":"search_term_string"}}],"inLanguage":"en-US"},{"@type":"Organization","@id":"https:\/\/horusinfo.com.br\/#organization","name":"Horus Solutions","url":"https:\/\/horusinfo.com.br\/","logo":{"@type":"ImageObject","inLanguage":"en-US","@id":"https:\/\/horusinfo.com.br\/#\/schema\/logo\/image\/","url":"https:\/\/horusinfo.com.br\/wp-content\/uploads\/2020\/04\/Logo_site_2.png","contentUrl":"https:\/\/horusinfo.com.br\/wp-content\/uploads\/2020\/04\/Logo_site_2.png","width":116,"height":80,"caption":"Horus Solutions"},"image":{"@id":"https:\/\/horusinfo.com.br\/#\/schema\/logo\/image\/"},"sameAs":["https:\/\/www.facebook.com\/HorusSolutionsBR\/","https:\/\/www.instagram.com\/horus.solutions\/","https:\/\/www.linkedin.com\/company\/horussolutions\/"]}]}},"_links":{"self":[{"href":"https:\/\/horusinfo.com.br\/en\/wp-json\/wp\/v2\/pages\/4074","targetHints":{"allow":["GET"]}}],"collection":[{"href":"https:\/\/horusinfo.com.br\/en\/wp-json\/wp\/v2\/pages"}],"about":[{"href":"https:\/\/horusinfo.com.br\/en\/wp-json\/wp\/v2\/types\/page"}],"author":[{"embeddable":true,"href":"https:\/\/horusinfo.com.br\/en\/wp-json\/wp\/v2\/users\/1"}],"replies":[{"embeddable":true,"href":"https:\/\/horusinfo.com.br\/en\/wp-json\/wp\/v2\/comments?post=4074"}],"version-history":[{"count":4,"href":"https:\/\/horusinfo.com.br\/en\/wp-json\/wp\/v2\/pages\/4074\/revisions"}],"predecessor-version":[{"id":4172,"href":"https:\/\/horusinfo.com.br\/en\/wp-json\/wp\/v2\/pages\/4074\/revisions\/4172"}],"wp:featuredmedia":[{"embeddable":true,"href":"https:\/\/horusinfo.com.br\/en\/wp-json\/wp\/v2\/media\/5872"}],"wp:attachment":[{"href":"https:\/\/horusinfo.com.br\/en\/wp-json\/wp\/v2\/media?parent=4074"}],"curies":[{"name":"wp","href":"https:\/\/api.w.org\/{rel}","templated":true}]}}